{"id":37,"date":"2020-02-01T16:57:31","date_gmt":"2020-02-01T15:57:31","guid":{"rendered":"http:\/\/mccnavocats.fr\/?page_id=37"},"modified":"2020-02-02T11:59:22","modified_gmt":"2020-02-02T10:59:22","slug":"honoraires","status":"publish","type":"page","link":"https:\/\/mccnavocats.fr\/?page_id=37","title":{"rendered":"Honoraires"},"content":{"rendered":"\n<p> Le cabinet MCCN AVOCATS s\u2019engage \u00e0 la plus grande transparence dans la fixation des honoraires pratiqu\u00e9s.<\/p>\n\n\n\n<p>D\u00e8s le premier rendez-vous de consultation, le client est inform\u00e9 par son conseil du montant exact du taux horaire pratiqu\u00e9 ou du montant forfaitaire qui lui sera appliqu\u00e9 pour la proc\u00e9dure dont il est question, eu \u00e9gard \u00e0 sa sp\u00e9cificit\u00e9 et aux difficult\u00e9s pr\u00e9visibles.<\/p>\n\n\n\n<p>Lorsque cela est possible, le cabinet MCCN AVOCATS fait part d\u2019un pr\u00e9visionnel de prestations et du d\u00e9lai pr\u00e9visible de la proc\u00e9dure.<\/p>\n\n\n\n<p>Le mode de calcul le plus fr\u00e9quemment appliqu\u00e9 par le cabinet MCCN AVOCATS est l\u2019honoraire au temps pass\u00e9 sur le dossier, sur une base de 150 \u20ac HT de l\u2019heure.<\/p>\n\n\n\n<p>Certaines proc\u00e9dures se pr\u00eatent toutefois dans certains cas \u00e0 la pratique d\u2019un honoraire forfaitaire, notamment les actes sous seing priv\u00e9 d&rsquo;avocats contresign\u00e9 devant notaire (divorce amiable) et les proc\u00e9dures d&rsquo;expulsion.<\/p>\n\n\n\n<p>Dans certains cas, un honoraire de r\u00e9sultat peut \u00eatre propos\u00e9, en contrepartie d\u2019une minoration des honoraires fixes. <\/p>\n","protected":false},"excerpt":{"rendered":"<p>Le cabinet MCCN AVOCATS s\u2019engage \u00e0 la plus grande transparence dans la fixation des honoraires pratiqu\u00e9s. D\u00e8s le premier rendez-vous de consultation, le client est inform\u00e9 par son conseil du montant exact du taux horaire pratiqu\u00e9 ou du montant forfaitaire qui lui sera appliqu\u00e9 pour la proc\u00e9dure dont il est question, eu \u00e9gard \u00e0 sa&#8230;<\/p>\n","protected":false},"author":1,"featured_media":55,"parent":0,"menu_order":0,"comment_status":"closed","ping_status":"closed","template":"","meta":{"footnotes":""},"_links":{"self":[{"href":"https:\/\/mccnavocats.fr\/index.php?rest_route=\/wp\/v2\/pages\/37"}],"collection":[{"href":"https:\/\/mccnavocats.fr\/index.php?rest_route=\/wp\/v2\/pages"}],"about":[{"href":"https:\/\/mccnavocats.fr\/index.php?rest_route=\/wp\/v2\/types\/page"}],"author":[{"embeddable":true,"href":"https:\/\/mccnavocats.fr\/index.php?rest_route=\/wp\/v2\/users\/1"}],"replies":[{"embeddable":true,"href":"https:\/\/mccnavocats.fr\/index.php?rest_route=%2Fwp%2Fv2%2Fcomments&post=37"}],"version-history":[{"count":5,"href":"https:\/\/mccnavocats.fr\/index.php?rest_route=\/wp\/v2\/pages\/37\/revisions"}],"predecessor-version":[{"id":69,"href":"https:\/\/mccnavocats.fr\/index.php?rest_route=\/wp\/v2\/pages\/37\/revisions\/69"}],"wp:featuredmedia":[{"embeddable":true,"href":"https:\/\/mccnavocats.fr\/index.php?rest_route=\/wp\/v2\/media\/55"}],"wp:attachment":[{"href":"https:\/\/mccnavocats.fr\/index.php?rest_route=%2Fwp%2Fv2%2Fmedia&parent=37"}],"curies":[{"name":"wp","href":"https:\/\/api.w.org\/{rel}","templated":true}]}}