{"id":30,"date":"2020-02-01T16:44:11","date_gmt":"2020-02-01T15:44:11","guid":{"rendered":"http:\/\/mccnavocats.fr\/?page_id=30"},"modified":"2024-04-22T09:07:07","modified_gmt":"2024-04-22T07:07:07","slug":"activites-dominantes","status":"publish","type":"page","link":"https:\/\/mccnavocats.fr\/?page_id=30","title":{"rendered":"Activit\u00e9s dominantes"},"content":{"rendered":"\n<p>\n\nDroit de la famille&nbsp;: divorce, proc\u00e9dure apr\u00e8s divorce, s\u00e9paration de corps, PACS, rupture de concubinage, fixation de droits sur enfant n\u00e9 hors mariage, droit de visite et d\u2019h\u00e9bergement, pension alimentaire, audition d&rsquo;enfant<\/p>\n\n\n\n<p>Droit des personnes&nbsp;: assistance aux rendez-vous d\u2019expertise judiciaire, changement de nom et de pr\u00e9nom, proc\u00e9dure d\u2019adoption, changement de r\u00e9gime matrimonial, filiation, successions, tutelle et curatelle<\/p>\n\n\n\n<p>Droit civil&nbsp;: responsabilit\u00e9 civile contractuelle et d\u00e9lictuelle, droit des contrats, proc\u00e9dure d\u2019expertise, demande de dommages et int\u00e9r\u00eats, recouvrement de cr\u00e9ances, reconnaissance de dette<\/p>\n\n\n\n<p>Droit p\u00e9nal&nbsp;: assistance devant les juridictions r\u00e9pressives (tribunal de police, tribunal correctionnel, tribunal pour enfants), assistance aux audiences de m\u00e9diation p\u00e9nale, composition p\u00e9nale, comparution sur reconnaissance pr\u00e9alable de culpabilit\u00e9, droit des mineurs, assistance des victimes, proc\u00e9dures devant la CIVI (Commission d\u2019Indemnisation des Victimes d\u2019Infraction)<\/p>\n\n\n\n<p>Voies d\u2019ex\u00e9cution&nbsp;: Proc\u00e9dure devant le Juge de l\u2019ex\u00e9cution, proc\u00e9dure en r\u00e9f\u00e9r\u00e9<\/p>\n","protected":false},"excerpt":{"rendered":"<p>Droit de la famille&nbsp;: divorce, proc\u00e9dure apr\u00e8s divorce, s\u00e9paration de corps, PACS, rupture de concubinage, fixation de droits sur enfant n\u00e9 hors mariage, droit de visite et d\u2019h\u00e9bergement, pension alimentaire, audition d&rsquo;enfant Droit des personnes&nbsp;: assistance aux rendez-vous d\u2019expertise judiciaire, changement de nom et de pr\u00e9nom, proc\u00e9dure d\u2019adoption, changement de r\u00e9gime matrimonial, filiation, successions, tutelle&#8230;<\/p>\n","protected":false},"author":1,"featured_media":53,"parent":0,"menu_order":0,"comment_status":"closed","ping_status":"closed","template":"","meta":{"footnotes":""},"_links":{"self":[{"href":"https:\/\/mccnavocats.fr\/index.php?rest_route=\/wp\/v2\/pages\/30"}],"collection":[{"href":"https:\/\/mccnavocats.fr\/index.php?rest_route=\/wp\/v2\/pages"}],"about":[{"href":"https:\/\/mccnavocats.fr\/index.php?rest_route=\/wp\/v2\/types\/page"}],"author":[{"embeddable":true,"href":"https:\/\/mccnavocats.fr\/index.php?rest_route=\/wp\/v2\/users\/1"}],"replies":[{"embeddable":true,"href":"https:\/\/mccnavocats.fr\/index.php?rest_route=%2Fwp%2Fv2%2Fcomments&post=30"}],"version-history":[{"count":2,"href":"https:\/\/mccnavocats.fr\/index.php?rest_route=\/wp\/v2\/pages\/30\/revisions"}],"predecessor-version":[{"id":90,"href":"https:\/\/mccnavocats.fr\/index.php?rest_route=\/wp\/v2\/pages\/30\/revisions\/90"}],"wp:featuredmedia":[{"embeddable":true,"href":"https:\/\/mccnavocats.fr\/index.php?rest_route=\/wp\/v2\/media\/53"}],"wp:attachment":[{"href":"https:\/\/mccnavocats.fr\/index.php?rest_route=%2Fwp%2Fv2%2Fmedia&parent=30"}],"curies":[{"name":"wp","href":"https:\/\/api.w.org\/{rel}","templated":true}]}}