{"id":2,"date":"2019-09-01T17:57:42","date_gmt":"2019-09-01T15:57:42","guid":{"rendered":"http:\/\/mccnavocats.fr\/?page_id=2"},"modified":"2020-02-02T11:48:10","modified_gmt":"2020-02-02T10:48:10","slug":"page-d-exemple","status":"publish","type":"page","link":"https:\/\/mccnavocats.fr\/","title":{"rendered":"Le Cabinet"},"content":{"rendered":"\n<p>\n\nLe cabinet MCCN AVOCATS est une Soci\u00e9t\u00e9 Civile Professionnelle cr\u00e9\u00e9e au mois de septembre 2006 par deux avocates associ\u00e9es, Ma\u00eetre Marie CLAUZEL et Ma\u00eetre Carole NIQUIL, rattach\u00e9es au Barreau des Hauts de Seine.<\/p>\n\n\n\n<p>Depuis la cr\u00e9ation du cabinet, les associ\u00e9es n\u2019ont eu de cesse de mettre leur art au service du conseil apport\u00e9 aux particuliers et aux entreprises et de la d\u00e9fense de leurs int\u00e9r\u00eats devant les tribunaux de r\u00e9gion parisienne et de province.<\/p>\n\n\n\n<p>Le cabinet MCCN AVOCATS, situ\u00e9 \u00e0 Levallois-Perret, est rattach\u00e9 au barreau des Hauts-De-Seine. Le cabinet intervient sur tout le territoire national et notamment en Ile de France. La comp\u00e9tence de postulation du cabinet s&rsquo;\u00e9tend au Tribunaux Judiciaires de Paris, Nanterre et \u00e9galement Bobigny et Cr\u00e9teil.<\/p>\n\n\n\n<p>Le cabinet MCCN AVOCATS a su d\u00e9velopper une activit\u00e9 enti\u00e8rement d\u00e9di\u00e9e aux particuliers et aux entreprises, se mettant \u00e0 leur service pour leur apporter accompagnement, s\u00e9curit\u00e9 juridique, conseil et assistance, \u00e9coute et disponibilit\u00e9 \u00e0 tout instant.<\/p>\n\n\n\n<p>Les associ\u00e9es sont form\u00e9es en permanence aux \u00e9volutions l\u00e9gislatives et jurisprudentielles les plus pointues.<\/p>\n\n\n\n<p>Leur pratique r\u00e9guli\u00e8re de la plaidoirie depuis 2002 leur a apport\u00e9 aisance et \u00e9loquence.<\/p>\n\n\n\n<p>Les associ\u00e9es peuvent \u00e9galement apporter conseil et accompagnement tant dans le cadre d&rsquo;une n\u00e9gociation que d&rsquo;une proc\u00e9dure judiciaire.<\/p>\n\n\n\n<p>Le cabinet MCCN AVOCATS traite les dossiers de fa\u00e7on particuli\u00e8rement rigoureuse et apporte toute l\u2019attention \u00e0 chaque affaire, et ce, dans un esprit de dynamisme, d\u2019ouverture et de concertation.<\/p>\n\n\n\n<p>Le cabinet MCCN AVOCATS tente syst\u00e9matiquement de rechercher une solution transactionnelle, et ce, m\u00eame dans le cadre une proc\u00e9dure contentieuse d\u00e9j\u00e0 engag\u00e9e.\n\n<\/p>\n","protected":false},"excerpt":{"rendered":"<p>Le cabinet MCCN AVOCATS est une Soci\u00e9t\u00e9 Civile Professionnelle cr\u00e9\u00e9e au mois de septembre 2006 par deux avocates associ\u00e9es, Ma\u00eetre Marie CLAUZEL et Ma\u00eetre Carole NIQUIL, rattach\u00e9es au Barreau des Hauts de Seine. Depuis la cr\u00e9ation du cabinet, les associ\u00e9es n\u2019ont eu de cesse de mettre leur art au service du conseil apport\u00e9 aux particuliers&#8230;<\/p>\n","protected":false},"author":1,"featured_media":61,"parent":0,"menu_order":0,"comment_status":"closed","ping_status":"open","template":"","meta":{"footnotes":""},"_links":{"self":[{"href":"https:\/\/mccnavocats.fr\/index.php?rest_route=\/wp\/v2\/pages\/2"}],"collection":[{"href":"https:\/\/mccnavocats.fr\/index.php?rest_route=\/wp\/v2\/pages"}],"about":[{"href":"https:\/\/mccnavocats.fr\/index.php?rest_route=\/wp\/v2\/types\/page"}],"author":[{"embeddable":true,"href":"https:\/\/mccnavocats.fr\/index.php?rest_route=\/wp\/v2\/users\/1"}],"replies":[{"embeddable":true,"href":"https:\/\/mccnavocats.fr\/index.php?rest_route=%2Fwp%2Fv2%2Fcomments&post=2"}],"version-history":[{"count":2,"href":"https:\/\/mccnavocats.fr\/index.php?rest_route=\/wp\/v2\/pages\/2\/revisions"}],"predecessor-version":[{"id":63,"href":"https:\/\/mccnavocats.fr\/index.php?rest_route=\/wp\/v2\/pages\/2\/revisions\/63"}],"wp:featuredmedia":[{"embeddable":true,"href":"https:\/\/mccnavocats.fr\/index.php?rest_route=\/wp\/v2\/media\/61"}],"wp:attachment":[{"href":"https:\/\/mccnavocats.fr\/index.php?rest_route=%2Fwp%2Fv2%2Fmedia&parent=2"}],"curies":[{"name":"wp","href":"https:\/\/api.w.org\/{rel}","templated":true}]}}